{"id":85719,"date":"2025-05-26T18:00:38","date_gmt":"2025-05-26T22:00:38","guid":{"rendered":"https:\/\/yesmontreal.ca\/lignes-directrices-de-publication-doffres-demploi-pour-les-employeurs\/"},"modified":"2025-05-29T17:52:54","modified_gmt":"2025-05-29T21:52:54","slug":"lignes-directrices-de-publication-doffres-demploi-pour-les-employeurs","status":"publish","type":"page","link":"https:\/\/yesmontreal.ca\/fr\/lignes-directrices-de-publication-doffres-demploi-pour-les-employeurs\/","title":{"rendered":"Lignes directrices de publication d\u2019offres d\u2019emploi pour les employeurs"},"content":{"rendered":"<p>[et_pb_section fb_built=\u00a0\u00bb1&Prime; _builder_version=\u00a0\u00bb4.16&Prime; background_color=\u00a0\u00bb#397BA0&Prime; background_enable_image=\u00a0\u00bboff\u00a0\u00bb background_blend=\u00a0\u00bboverlay\u00a0\u00bb bottom_divider_style=\u00a0\u00bbslant\u00a0\u00bb bottom_divider_color=\u00a0\u00bb#ffffff\u00a0\u00bb bottom_divider_height=\u00a0\u00bb55px\u00a0\u00bb bottom_divider_flip=\u00a0\u00bbhorizontal\u00a0\u00bb locked=\u00a0\u00bboff\u00a0\u00bb global_colors_info=\u00a0\u00bb{}\u00a0\u00bb][et_pb_row _builder_version=\u00a0\u00bb4.16&Prime; custom_margin=\u00a0\u00bb3vh|auto|0vh|auto|false|false\u00a0\u00bb custom_padding=\u00a0\u00bb100px||130px|||\u00a0\u00bb global_colors_info=\u00a0\u00bb{}\u00a0\u00bb][et_pb_column type=\u00a0\u00bb4_4&Prime; _builder_version=\u00a0\u00bb4.16&Prime; global_colors_info=\u00a0\u00bb{}\u00a0\u00bb][et_pb_text _builder_version=\u00a0\u00bb4.27.4&Prime; text_font=\u00a0\u00bb||||||||\u00a0\u00bb header_font=\u00a0\u00bb|700|||||||\u00a0\u00bb header_5_font=\u00a0\u00bb||||||||\u00a0\u00bb text_orientation=\u00a0\u00bbcenter\u00a0\u00bb background_layout=\u00a0\u00bbdark\u00a0\u00bb width=\u00a0\u00bb85%\u00a0\u00bb width_tablet=\u00a0\u00bb100%\u00a0\u00bb width_phone=\u00a0\u00bb100%\u00a0\u00bb width_last_edited=\u00a0\u00bbon|phone\u00a0\u00bb max_width=\u00a0\u00bb100%\u00a0\u00bb module_alignment=\u00a0\u00bbcenter\u00a0\u00bb hover_enabled=\u00a0\u00bb0&Prime; global_colors_info=\u00a0\u00bb{}\u00a0\u00bb sticky_enabled=\u00a0\u00bb0&Prime;]<\/p>\n<h1>Directives pour l\u2019affichage d\u2019offres d\u2019emploi \u00e0 l\u2019intention des employeurs<\/h1>\n<p>[\/et_pb_text][\/et_pb_column][\/et_pb_row][\/et_pb_section][et_pb_section fb_built=\u00a0\u00bb1&Prime; _builder_version=\u00a0\u00bb4.16&Prime; global_colors_info=\u00a0\u00bb{}\u00a0\u00bb][et_pb_row _builder_version=\u00a0\u00bb4.27.4&Prime; _module_preset=\u00a0\u00bbdefault\u00a0\u00bb global_colors_info=\u00a0\u00bb{}\u00a0\u00bb][et_pb_column type=\u00a0\u00bb4_4&Prime; _builder_version=\u00a0\u00bb4.27.4&Prime; _module_preset=\u00a0\u00bbdefault\u00a0\u00bb global_colors_info=\u00a0\u00bb{}\u00a0\u00bb][et_pb_text _builder_version=\u00a0\u00bb4.27.4&Prime; text_font=\u00a0\u00bb||||||||\u00a0\u00bb header_font=\u00a0\u00bb||||||||\u00a0\u00bb header_2_font=\u00a0\u00bb||||||||\u00a0\u00bb header_3_font=\u00a0\u00bb|600|||||||\u00a0\u00bb header_5_font=\u00a0\u00bb||||||||\u00a0\u00bb width_tablet=\u00a0\u00bb\u00a0\u00bb width_phone=\u00a0\u00bb100%\u00a0\u00bb width_last_edited=\u00a0\u00bbon|desktop\u00a0\u00bb max_width=\u00a0\u00bb100%\u00a0\u00bb module_alignment=\u00a0\u00bbcenter\u00a0\u00bb custom_margin=\u00a0\u00bb||10px\u00a0\u00bb custom_padding=\u00a0\u00bb||10px|||\u00a0\u00bb locked=\u00a0\u00bboff\u00a0\u00bb global_colors_info=\u00a0\u00bb{}\u00a0\u00bb]<\/p>\n<h2>Vous cherchez \u00e0 recruter des talents au Qu\u00e9bec ?<\/h2>\n<p>[\/et_pb_text][et_pb_text _builder_version=\u00a0\u00bb4.27.4&Prime; text_font=\u00a0\u00bb||||||||\u00a0\u00bb text_text_color=\u00a0\u00bb#5A5B5D\u00a0\u00bb module_alignment=\u00a0\u00bbcenter\u00a0\u00bb custom_margin=\u00a0\u00bb|0px|||false|false\u00a0\u00bb locked=\u00a0\u00bboff\u00a0\u00bb global_colors_info=\u00a0\u00bb{}\u00a0\u00bb width__hover_enabled=\u00a0\u00bbon\u00a0\u00bb]<\/p>\n<p><span style=\"font-size: x-large;\"><span data-olk-copy-source=\"MessageBody\">Assurez-vous que vos offres d\u2019emploi respectent la l\u00e9gislation linguistique et la r\u00e9glementation encadrant les stages au Qu\u00e9bec en suivant ces lignes directrices.<\/span><\/span><\/p>\n<p>[\/et_pb_text][et_pb_heading title=\u00a0\u00bbExigences essentielles pour l\u2019approbation des offres d\u2019emploi\u00a0\u00bb _builder_version=\u00a0\u00bb4.27.4&Prime; _module_preset=\u00a0\u00bbdefault\u00a0\u00bb title_level=\u00a0\u00bbh3&Prime; custom_margin=\u00a0\u00bb||32px|||\u00a0\u00bb global_colors_info=\u00a0\u00bb{}\u00a0\u00bb][\/et_pb_heading][et_pb_text _builder_version=\u00a0\u00bb4.27.4&Prime; _module_preset=\u00a0\u00bbdefault\u00a0\u00bb global_colors_info=\u00a0\u00bb{}\u00a0\u00bb]<\/p>\n<p>Avant de soumettre une offre d\u2019emploi, veuillez vous assurer que votre annonce r\u00e9pond aux exigences essentielles suivantes :<\/p>\n<ul>\n<li><span><strong>Site web de l\u2019entreprise requis <\/strong>: Votre description de poste et votre profil d\u2019employeur doivent comporter une adresse valide du site web de l\u2019entreprise.<\/span><\/li>\n<li><span><strong>Exigences en mati\u00e8re d\u2019emplacement<\/strong> : Seules les offres pour des <strong>postes <\/strong><strong>bas\u00e9s au Qu\u00e9bec<\/strong> seront accept\u00e9es.<\/span><\/li>\n<li><span><strong>Dur\u00e9e de l\u2019affichage<\/strong> : Votre offre d\u2019emploi restera en ligne pendant quatre semaines, \u00e0 moins qu\u2019une date d\u2019expiration ne soit sp\u00e9cifi\u00e9e.<\/span><\/li>\n<li><span><strong>Processus d\u2019approbation<\/strong> : Chaque offre d\u2019emploi est soumise \u00e0 une v\u00e9rification. Toute annonce incompl\u00e8te ou non v\u00e9rifiable pourra \u00eatre rejet\u00e9e \u00e0 titre de pourriel. <\/span><\/li>\n<li><span><strong>Droit de refus <\/strong>: YES se r\u00e9serve le droit d\u2019approuver, de rejeter ou de supprimer toute offre d\u2019emploi \u00e0 sa discr\u00e9tion.<\/span><\/li>\n<\/ul>\n<p>[\/et_pb_text][et_pb_heading title=\u00a0\u00bbExigences l\u00e9gales et linguistiques pour les offres d\u2019emploi au Qu\u00e9bec\u00a0\u00bb _builder_version=\u00a0\u00bb4.27.4&Prime; _module_preset=\u00a0\u00bbdefault\u00a0\u00bb title_level=\u00a0\u00bbh3&Prime; custom_margin=\u00a0\u00bb||32px|||\u00a0\u00bb global_colors_info=\u00a0\u00bb{}\u00a0\u00bb][\/et_pb_heading][et_pb_text _builder_version=\u00a0\u00bb4.27.4&Prime; _module_preset=\u00a0\u00bbdefault\u00a0\u00bb global_colors_info=\u00a0\u00bb{}\u00a0\u00bb]<\/p>\n<p>En tant qu\u2019employeur au Qu\u00e9bec, il est important de respecter les normes juridiques et linguistiques lors de la publication d\u2019offres d\u2019emploi :<\/p>\n<ul>\n<li><span><strong>Respect de la loi linguistique<\/strong> : Selon <a href=\"https:\/\/www.legisquebec.gouv.qc.ca\/fr\/document\/lc\/C-11\">la Charte de la langue fran\u00e7aise du Qu\u00e9bec<\/a>, toutes les offres d\u2019emploi doivent \u00eatre publi\u00e9es en fran\u00e7ais. Une version anglaise peut \u00eatre ajout\u00e9e, \u00e0 condition qu\u2019elle soit pr\u00e9sent\u00e9e de mani\u00e8re <strong data-start=\"1663\" data-end=\"1674\">\u00e9quivalente <\/strong>\u00e0 la version fran\u00e7aise. <\/span><\/li>\n<li><span><strong>R\u00e9glementation pour les stages<\/strong> : Les stages non r\u00e9mun\u00e9r\u00e9s sont ill\u00e9gaux au Qu\u00e9bec, \u00e0 moins qu\u2019ils ne r\u00e9pondent \u00e0 des crit\u00e8res sp\u00e9cifiques en vertu de la <a href=\"https:\/\/www.cnesst.gouv.qc.ca\/fr\">Loi sur les normes du travail<\/a>. Si ces crit\u00e8res ne sont pas remplis, ces stages doivent \u00eatre qualifi\u00e9s de b\u00e9n\u00e9voles. <\/span><\/li>\n<\/ul>\n<p>[\/et_pb_text][\/et_pb_column][\/et_pb_row][et_pb_row column_structure=\u00a0\u00bb1_2,1_2&Prime; _builder_version=\u00a0\u00bb4.27.4&Prime; _module_preset=\u00a0\u00bbdefault\u00a0\u00bb custom_padding=\u00a0\u00bb||5px|||\u00a0\u00bb global_colors_info=\u00a0\u00bb{}\u00a0\u00bb][et_pb_column type=\u00a0\u00bb1_2&Prime; _builder_version=\u00a0\u00bb4.27.4&Prime; _module_preset=\u00a0\u00bbdefault\u00a0\u00bb global_colors_info=\u00a0\u00bb{}\u00a0\u00bb][et_pb_text _builder_version=\u00a0\u00bb4.27.4&Prime; _module_preset=\u00a0\u00bbdefault\u00a0\u00bb custom_margin=\u00a0\u00bb13px|||191px||\u00a0\u00bb custom_padding=\u00a0\u00bb|1px||||\u00a0\u00bb global_colors_info=\u00a0\u00bb{}\u00a0\u00bb]<\/p>\n<h3>Vous souhaitez publier une offre d\u2019emploi ?<\/h3>\n<p>[\/et_pb_text][\/et_pb_column][et_pb_column type=\u00a0\u00bb1_2&Prime; _builder_version=\u00a0\u00bb4.27.4&Prime; _module_preset=\u00a0\u00bbdefault\u00a0\u00bb global_colors_info=\u00a0\u00bb{}\u00a0\u00bb][et_pb_button button_url=\u00a0\u00bbhttps:\/\/yesmontreal.ca\/fr\/affichage-offres-emploi\/\u00a0\u00bb button_text=\u00a0\u00bbPublier un emploi\u00a0\u00bb button_alignment=\u00a0\u00bbcenter\u00a0\u00bb _builder_version=\u00a0\u00bb4.27.4&Prime; _module_preset=\u00a0\u00bbdefault\u00a0\u00bb custom_button=\u00a0\u00bbon\u00a0\u00bb button_text_size=\u00a0\u00bb15px\u00a0\u00bb button_text_color=\u00a0\u00bb#ffffff\u00a0\u00bb button_bg_color=\u00a0\u00bb#397BA0&Prime; button_letter_spacing=\u00a0\u00bb0px\u00a0\u00bb custom_margin=\u00a0\u00bb9px|340px|30px||false|false\u00a0\u00bb custom_padding=\u00a0\u00bb13px|45px|13px|45px|true|true\u00a0\u00bb hover_enabled=\u00a0\u00bb0&Prime; global_colors_info=\u00a0\u00bb{}\u00a0\u00bb sticky_enabled=\u00a0\u00bb0&Prime;][\/et_pb_button][\/et_pb_column][\/et_pb_row][et_pb_row _builder_version=\u00a0\u00bb4.27.4&Prime; _module_preset=\u00a0\u00bbdefault\u00a0\u00bb global_colors_info=\u00a0\u00bb{}\u00a0\u00bb][et_pb_column type=\u00a0\u00bb4_4&Prime; _builder_version=\u00a0\u00bb4.27.4&Prime; _module_preset=\u00a0\u00bbdefault\u00a0\u00bb global_colors_info=\u00a0\u00bb{}\u00a0\u00bb][et_pb_text _builder_version=\u00a0\u00bb4.27.4&Prime; _module_preset=\u00a0\u00bbdefault\u00a0\u00bb global_colors_info=\u00a0\u00bb{}\u00a0\u00bb]<\/p>\n<p>Faites approuver votre offre d\u2019emploi d\u00e8s aujourd\u2019hui et commencez \u00e0 contacter des candidats qualifi\u00e9s au Qu\u00e9bec.<\/p>\n<p>[\/et_pb_text][\/et_pb_column][\/et_pb_row][et_pb_row _builder_version=\u00a0\u00bb4.27.4&Prime; _module_preset=\u00a0\u00bbdefault\u00a0\u00bb global_colors_info=\u00a0\u00bb{}\u00a0\u00bb][et_pb_column type=\u00a0\u00bb4_4&Prime; _builder_version=\u00a0\u00bb4.27.4&Prime; _module_preset=\u00a0\u00bbdefault\u00a0\u00bb global_colors_info=\u00a0\u00bb{}\u00a0\u00bb][et_pb_divider show_divider=\u00a0\u00bboff\u00a0\u00bb _builder_version=\u00a0\u00bb4.27.4&Prime; _module_preset=\u00a0\u00bbdefault\u00a0\u00bb global_colors_info=\u00a0\u00bb{}\u00a0\u00bb][\/et_pb_divider][\/et_pb_column][\/et_pb_row][\/et_pb_section]<\/p>\n","protected":false},"excerpt":{"rendered":"<p>Apprenez comment publier des offres d&#8217;emploi avec YES Montreal. Suivez nos directives pour vous assurer que votre offre d&#8217;emploi respecte les r\u00e8gles du Qu\u00e9bec en mati\u00e8re de langue et de stages. <\/p>\n","protected":false},"author":10,"featured_media":0,"parent":0,"menu_order":0,"comment_status":"closed","ping_status":"closed","template":"","meta":{"_et_pb_use_builder":"on","_et_pb_old_content":"","_et_gb_content_width":"","_crdt_document":"","footnotes":""},"class_list":["post-85719","page","type-page","status-publish","hentry"],"yoast_head":"<!-- This site is optimized with the Yoast SEO plugin v27.3 - https:\/\/yoast.com\/product\/yoast-seo-wordpress\/ -->\n<title>Lignes directrices de publication d\u2019offres d\u2019emploi pour les employeurs | YES Montreal<\/title>\n<meta name=\"description\" content=\"Apprenez comment publier des offres d&#039;emploi avec YES Montreal. Suivez nos directives pour vous assurer que votre offre d&#039;emploi respecte les r\u00e8gles du Qu\u00e9bec en mati\u00e8re de langue et de stages.\" \/>\n<meta name=\"robots\" content=\"index, follow, max-snippet:-1, max-image-preview:large, max-video-preview:-1\" \/>\n<link rel=\"canonical\" href=\"https:\/\/yesmontreal.ca\/fr\/lignes-directrices-de-publication-doffres-demploi-pour-les-employeurs\/\" \/>\n<meta property=\"og:locale\" content=\"fr_FR\" \/>\n<meta property=\"og:type\" content=\"article\" \/>\n<meta property=\"og:title\" content=\"Lignes directrices de publication d\u2019offres d\u2019emploi pour les employeurs | YES Montreal\" \/>\n<meta property=\"og:description\" content=\"Apprenez comment publier des offres d&#039;emploi avec YES Montreal. Suivez nos directives pour vous assurer que votre offre d&#039;emploi respecte les r\u00e8gles du Qu\u00e9bec en mati\u00e8re de langue et de stages.\" \/>\n<meta property=\"og:url\" content=\"https:\/\/yesmontreal.ca\/fr\/lignes-directrices-de-publication-doffres-demploi-pour-les-employeurs\/\" \/>\n<meta property=\"og:site_name\" content=\"YES Employment and Entrepreneurship\" \/>\n<meta property=\"article:publisher\" content=\"https:\/\/www.facebook.com\/yes.montreal\" \/>\n<meta property=\"article:modified_time\" content=\"2025-05-29T21:52:54+00:00\" \/>\n<meta property=\"og:image\" content=\"https:\/\/yesmontreal.ca\/wp-content\/uploads\/Screen-Shot-2021-03-04-at-2.59.30-PM.png\" \/>\n\t<meta property=\"og:image:width\" content=\"636\" \/>\n\t<meta property=\"og:image:height\" content=\"308\" \/>\n\t<meta property=\"og:image:type\" content=\"image\/png\" \/>\n<meta name=\"twitter:card\" content=\"summary_large_image\" \/>\n<meta name=\"twitter:site\" content=\"@YESMontreal\" \/>\n<meta name=\"twitter:label1\" content=\"Dur\u00e9e de lecture estim\u00e9e\" \/>\n\t<meta name=\"twitter:data1\" content=\"5 minutes\" \/>\n<script type=\"application\/ld+json\" class=\"yoast-schema-graph\">{\"@context\":\"https:\\\/\\\/schema.org\",\"@graph\":[{\"@type\":\"WebPage\",\"@id\":\"https:\\\/\\\/yesmontreal.ca\\\/fr\\\/lignes-directrices-de-publication-doffres-demploi-pour-les-employeurs\\\/\",\"url\":\"https:\\\/\\\/yesmontreal.ca\\\/fr\\\/lignes-directrices-de-publication-doffres-demploi-pour-les-employeurs\\\/\",\"name\":\"Lignes directrices de publication d\u2019offres d\u2019emploi pour les employeurs | YES Montreal\",\"isPartOf\":{\"@id\":\"https:\\\/\\\/yesmontreal.ca\\\/#website\"},\"datePublished\":\"2025-05-26T22:00:38+00:00\",\"dateModified\":\"2025-05-29T21:52:54+00:00\",\"description\":\"Apprenez comment publier des offres d'emploi avec YES Montreal. Suivez nos directives pour vous assurer que votre offre d'emploi respecte les r\u00e8gles du Qu\u00e9bec en mati\u00e8re de langue et de stages.\",\"breadcrumb\":{\"@id\":\"https:\\\/\\\/yesmontreal.ca\\\/fr\\\/lignes-directrices-de-publication-doffres-demploi-pour-les-employeurs\\\/#breadcrumb\"},\"inLanguage\":\"fr-FR\",\"potentialAction\":[{\"@type\":\"ReadAction\",\"target\":[\"https:\\\/\\\/yesmontreal.ca\\\/fr\\\/lignes-directrices-de-publication-doffres-demploi-pour-les-employeurs\\\/\"]}]},{\"@type\":\"BreadcrumbList\",\"@id\":\"https:\\\/\\\/yesmontreal.ca\\\/fr\\\/lignes-directrices-de-publication-doffres-demploi-pour-les-employeurs\\\/#breadcrumb\",\"itemListElement\":[{\"@type\":\"ListItem\",\"position\":1,\"name\":\"Home\",\"item\":\"https:\\\/\\\/yesmontreal.ca\\\/fr\\\/\"},{\"@type\":\"ListItem\",\"position\":2,\"name\":\"Lignes directrices de publication d\u2019offres d\u2019emploi pour les employeurs\"}]},{\"@type\":\"WebSite\",\"@id\":\"https:\\\/\\\/yesmontreal.ca\\\/#website\",\"url\":\"https:\\\/\\\/yesmontreal.ca\\\/\",\"name\":\"YES Employment and Entrepreneurship\",\"description\":\"Free Employment and Entrepreneurship services in Quebec\",\"publisher\":{\"@id\":\"https:\\\/\\\/yesmontreal.ca\\\/#organization\"},\"potentialAction\":[{\"@type\":\"SearchAction\",\"target\":{\"@type\":\"EntryPoint\",\"urlTemplate\":\"https:\\\/\\\/yesmontreal.ca\\\/?s={search_term_string}\"},\"query-input\":{\"@type\":\"PropertyValueSpecification\",\"valueRequired\":true,\"valueName\":\"search_term_string\"}}],\"inLanguage\":\"fr-FR\"},{\"@type\":\"Organization\",\"@id\":\"https:\\\/\\\/yesmontreal.ca\\\/#organization\",\"name\":\"YES Employment + Entrepreneurship\",\"alternateName\":\"YES Montreal\",\"url\":\"https:\\\/\\\/yesmontreal.ca\\\/\",\"logo\":{\"@type\":\"ImageObject\",\"inLanguage\":\"fr-FR\",\"@id\":\"https:\\\/\\\/yesmontreal.ca\\\/#\\\/schema\\\/logo\\\/image\\\/\",\"url\":\"https:\\\/\\\/yesmontreal.ca\\\/wp-content\\\/uploads\\\/Screen-Shot-2021-03-04-at-2.59.30-PM.png\",\"contentUrl\":\"https:\\\/\\\/yesmontreal.ca\\\/wp-content\\\/uploads\\\/Screen-Shot-2021-03-04-at-2.59.30-PM.png\",\"width\":636,\"height\":308,\"caption\":\"YES Employment + Entrepreneurship\"},\"image\":{\"@id\":\"https:\\\/\\\/yesmontreal.ca\\\/#\\\/schema\\\/logo\\\/image\\\/\"},\"sameAs\":[\"https:\\\/\\\/www.facebook.com\\\/yes.montreal\",\"https:\\\/\\\/x.com\\\/YESMontreal\",\"https:\\\/\\\/www.instagram.com\\\/yesmontreal\\\/\",\"http:\\\/\\\/ca.linkedin.com\\\/in\\\/yesmontreal\",\"https:\\\/\\\/www.youtube.com\\\/user\\\/YESMontreal\"]}]}<\/script>\n<!-- \/ Yoast SEO plugin. -->","yoast_head_json":{"title":"Lignes directrices de publication d\u2019offres d\u2019emploi pour les employeurs | YES Montreal","description":"Apprenez comment publier des offres d'emploi avec YES Montreal. Suivez nos directives pour vous assurer que votre offre d'emploi respecte les r\u00e8gles du Qu\u00e9bec en mati\u00e8re de langue et de stages.","robots":{"index":"index","follow":"follow","max-snippet":"max-snippet:-1","max-image-preview":"max-image-preview:large","max-video-preview":"max-video-preview:-1"},"canonical":"https:\/\/yesmontreal.ca\/fr\/lignes-directrices-de-publication-doffres-demploi-pour-les-employeurs\/","og_locale":"fr_FR","og_type":"article","og_title":"Lignes directrices de publication d\u2019offres d\u2019emploi pour les employeurs | YES Montreal","og_description":"Apprenez comment publier des offres d'emploi avec YES Montreal. Suivez nos directives pour vous assurer que votre offre d'emploi respecte les r\u00e8gles du Qu\u00e9bec en mati\u00e8re de langue et de stages.","og_url":"https:\/\/yesmontreal.ca\/fr\/lignes-directrices-de-publication-doffres-demploi-pour-les-employeurs\/","og_site_name":"YES Employment and Entrepreneurship","article_publisher":"https:\/\/www.facebook.com\/yes.montreal","article_modified_time":"2025-05-29T21:52:54+00:00","og_image":[{"width":636,"height":308,"url":"https:\/\/yesmontreal.ca\/wp-content\/uploads\/Screen-Shot-2021-03-04-at-2.59.30-PM.png","type":"image\/png"}],"twitter_card":"summary_large_image","twitter_site":"@YESMontreal","twitter_misc":{"Dur\u00e9e de lecture estim\u00e9e":"5 minutes"},"schema":{"@context":"https:\/\/schema.org","@graph":[{"@type":"WebPage","@id":"https:\/\/yesmontreal.ca\/fr\/lignes-directrices-de-publication-doffres-demploi-pour-les-employeurs\/","url":"https:\/\/yesmontreal.ca\/fr\/lignes-directrices-de-publication-doffres-demploi-pour-les-employeurs\/","name":"Lignes directrices de publication d\u2019offres d\u2019emploi pour les employeurs | YES Montreal","isPartOf":{"@id":"https:\/\/yesmontreal.ca\/#website"},"datePublished":"2025-05-26T22:00:38+00:00","dateModified":"2025-05-29T21:52:54+00:00","description":"Apprenez comment publier des offres d'emploi avec YES Montreal. Suivez nos directives pour vous assurer que votre offre d'emploi respecte les r\u00e8gles du Qu\u00e9bec en mati\u00e8re de langue et de stages.","breadcrumb":{"@id":"https:\/\/yesmontreal.ca\/fr\/lignes-directrices-de-publication-doffres-demploi-pour-les-employeurs\/#breadcrumb"},"inLanguage":"fr-FR","potentialAction":[{"@type":"ReadAction","target":["https:\/\/yesmontreal.ca\/fr\/lignes-directrices-de-publication-doffres-demploi-pour-les-employeurs\/"]}]},{"@type":"BreadcrumbList","@id":"https:\/\/yesmontreal.ca\/fr\/lignes-directrices-de-publication-doffres-demploi-pour-les-employeurs\/#breadcrumb","itemListElement":[{"@type":"ListItem","position":1,"name":"Home","item":"https:\/\/yesmontreal.ca\/fr\/"},{"@type":"ListItem","position":2,"name":"Lignes directrices de publication d\u2019offres d\u2019emploi pour les employeurs"}]},{"@type":"WebSite","@id":"https:\/\/yesmontreal.ca\/#website","url":"https:\/\/yesmontreal.ca\/","name":"YES Employment and Entrepreneurship","description":"Free Employment and Entrepreneurship services in Quebec","publisher":{"@id":"https:\/\/yesmontreal.ca\/#organization"},"potentialAction":[{"@type":"SearchAction","target":{"@type":"EntryPoint","urlTemplate":"https:\/\/yesmontreal.ca\/?s={search_term_string}"},"query-input":{"@type":"PropertyValueSpecification","valueRequired":true,"valueName":"search_term_string"}}],"inLanguage":"fr-FR"},{"@type":"Organization","@id":"https:\/\/yesmontreal.ca\/#organization","name":"YES Employment + Entrepreneurship","alternateName":"YES Montreal","url":"https:\/\/yesmontreal.ca\/","logo":{"@type":"ImageObject","inLanguage":"fr-FR","@id":"https:\/\/yesmontreal.ca\/#\/schema\/logo\/image\/","url":"https:\/\/yesmontreal.ca\/wp-content\/uploads\/Screen-Shot-2021-03-04-at-2.59.30-PM.png","contentUrl":"https:\/\/yesmontreal.ca\/wp-content\/uploads\/Screen-Shot-2021-03-04-at-2.59.30-PM.png","width":636,"height":308,"caption":"YES Employment + Entrepreneurship"},"image":{"@id":"https:\/\/yesmontreal.ca\/#\/schema\/logo\/image\/"},"sameAs":["https:\/\/www.facebook.com\/yes.montreal","https:\/\/x.com\/YESMontreal","https:\/\/www.instagram.com\/yesmontreal\/","http:\/\/ca.linkedin.com\/in\/yesmontreal","https:\/\/www.youtube.com\/user\/YESMontreal"]}]}},"_links":{"self":[{"href":"https:\/\/yesmontreal.ca\/fr\/wp-json\/wp\/v2\/pages\/85719","targetHints":{"allow":["GET"]}}],"collection":[{"href":"https:\/\/yesmontreal.ca\/fr\/wp-json\/wp\/v2\/pages"}],"about":[{"href":"https:\/\/yesmontreal.ca\/fr\/wp-json\/wp\/v2\/types\/page"}],"author":[{"embeddable":true,"href":"https:\/\/yesmontreal.ca\/fr\/wp-json\/wp\/v2\/users\/10"}],"replies":[{"embeddable":true,"href":"https:\/\/yesmontreal.ca\/fr\/wp-json\/wp\/v2\/comments?post=85719"}],"version-history":[{"count":0,"href":"https:\/\/yesmontreal.ca\/fr\/wp-json\/wp\/v2\/pages\/85719\/revisions"}],"wp:attachment":[{"href":"https:\/\/yesmontreal.ca\/fr\/wp-json\/wp\/v2\/media?parent=85719"}],"curies":[{"name":"wp","href":"https:\/\/api.w.org\/{rel}","templated":true}]}}