{"id":85716,"date":"2025-05-26T17:50:52","date_gmt":"2025-05-26T21:50:52","guid":{"rendered":"https:\/\/yesmontreal.ca\/cliniques-juridiques-et-comptables-pour-les-entrepreneurs\/"},"modified":"2025-11-26T16:10:36","modified_gmt":"2025-11-26T21:10:36","slug":"cliniques-juridiques-et-comptables-pour-les-entrepreneurs","status":"publish","type":"page","link":"https:\/\/yesmontreal.ca\/fr\/cliniques-juridiques-et-comptables-pour-les-entrepreneurs\/","title":{"rendered":"Cliniques juridiques et comptables pour les entrepreneurs"},"content":{"rendered":"<p>[et_pb_section fb_built=\u00a0\u00bb1&Prime; _builder_version=\u00a0\u00bb4.16&Prime; background_color=\u00a0\u00bb#59B7A5&Prime; background_enable_image=\u00a0\u00bboff\u00a0\u00bb background_blend=\u00a0\u00bboverlay\u00a0\u00bb bottom_divider_style=\u00a0\u00bbslant\u00a0\u00bb bottom_divider_color=\u00a0\u00bb#ffffff\u00a0\u00bb bottom_divider_height=\u00a0\u00bb55px\u00a0\u00bb bottom_divider_flip=\u00a0\u00bbhorizontal\u00a0\u00bb locked=\u00a0\u00bboff\u00a0\u00bb global_colors_info=\u00a0\u00bb{}\u00a0\u00bb][et_pb_row _builder_version=\u00a0\u00bb4.16&Prime; custom_margin=\u00a0\u00bb3vh|auto|0vh|auto|false|false\u00a0\u00bb custom_padding=\u00a0\u00bb100px||130px|||\u00a0\u00bb global_colors_info=\u00a0\u00bb{}\u00a0\u00bb][et_pb_column type=\u00a0\u00bb4_4&Prime; _builder_version=\u00a0\u00bb4.16&Prime; global_colors_info=\u00a0\u00bb{}\u00a0\u00bb][et_pb_text _builder_version=\u00a0\u00bb4.27.4&Prime; text_font=\u00a0\u00bb||||||||\u00a0\u00bb header_font=\u00a0\u00bb|700|||||||\u00a0\u00bb header_5_font=\u00a0\u00bb||||||||\u00a0\u00bb text_orientation=\u00a0\u00bbcenter\u00a0\u00bb background_layout=\u00a0\u00bbdark\u00a0\u00bb width=\u00a0\u00bb85%\u00a0\u00bb width_tablet=\u00a0\u00bb100%\u00a0\u00bb width_phone=\u00a0\u00bb100%\u00a0\u00bb width_last_edited=\u00a0\u00bbon|phone\u00a0\u00bb max_width=\u00a0\u00bb100%\u00a0\u00bb module_alignment=\u00a0\u00bbcenter\u00a0\u00bb header_font_size_tablet=\u00a0\u00bb\u00a0\u00bb header_font_size_phone=\u00a0\u00bb38px\u00a0\u00bb header_font_size_last_edited=\u00a0\u00bbon|phone\u00a0\u00bb global_colors_info=\u00a0\u00bb{}\u00a0\u00bb]<\/p>\n<h1>Cliniques juridiques et comptables pour les entrepreneurs<\/h1>\n<p>[\/et_pb_text][\/et_pb_column][\/et_pb_row][\/et_pb_section][et_pb_section fb_built=\u00a0\u00bb1&Prime; module_id=\u00a0\u00bbscroll\u00a0\u00bb _builder_version=\u00a0\u00bb4.16&Prime; z_index=\u00a0\u00bb1&Prime; custom_padding=\u00a0\u00bb50px||0px|||\u00a0\u00bb bottom_divider_style=\u00a0\u00bbcurve\u00a0\u00bb bottom_divider_color=\u00a0\u00bb#ffffff\u00a0\u00bb bottom_divider_height=\u00a0\u00bb175px\u00a0\u00bb locked=\u00a0\u00bboff\u00a0\u00bb global_colors_info=\u00a0\u00bb{}\u00a0\u00bb][et_pb_row _builder_version=\u00a0\u00bb4.16&Prime; custom_padding=\u00a0\u00bb1px||0px|||\u00a0\u00bb global_colors_info=\u00a0\u00bb{}\u00a0\u00bb][et_pb_column type=\u00a0\u00bb4_4&Prime; _builder_version=\u00a0\u00bb4.16&Prime; global_colors_info=\u00a0\u00bb{}\u00a0\u00bb][et_pb_text _builder_version=\u00a0\u00bb4.27.4&Prime; text_font=\u00a0\u00bb||||||||\u00a0\u00bb header_font=\u00a0\u00bb||||||||\u00a0\u00bb header_2_font=\u00a0\u00bb||||||||\u00a0\u00bb header_3_font=\u00a0\u00bb|600|||||||\u00a0\u00bb header_5_font=\u00a0\u00bb||||||||\u00a0\u00bb width_tablet=\u00a0\u00bb\u00a0\u00bb width_phone=\u00a0\u00bb100%\u00a0\u00bb width_last_edited=\u00a0\u00bbon|desktop\u00a0\u00bb max_width=\u00a0\u00bb100%\u00a0\u00bb module_alignment=\u00a0\u00bbcenter\u00a0\u00bb custom_margin=\u00a0\u00bb||10px\u00a0\u00bb custom_padding=\u00a0\u00bb||10px|||\u00a0\u00bb global_colors_info=\u00a0\u00bb{}\u00a0\u00bb]<\/p>\n<h2>G\u00e9rer une entreprise vient avec son lot de d\u00e9fis juridiques et financiers \u2014 mais vous n\u2019avez pas \u00e0 les affronter seul\u00b7e.<\/h2>\n<p>[\/et_pb_text][et_pb_text _builder_version=\u00a0\u00bb4.27.4&Prime; text_font=\u00a0\u00bb||||||||\u00a0\u00bb text_text_color=\u00a0\u00bb#5A5B5D\u00a0\u00bb module_alignment=\u00a0\u00bbcenter\u00a0\u00bb custom_margin=\u00a0\u00bb|0px|||false|false\u00a0\u00bb global_colors_info=\u00a0\u00bb{}\u00a0\u00bb width__hover_enabled=\u00a0\u00bbon\u00a0\u00bb]<\/p>\n<p><span style=\"font-size: x-large;\">Nos cliniques juridiques et comptables gratuites pour les entrepreneur\u00b7e\u00b7s offrent des conseils cl\u00e9s pour mieux comprendre les contrats, la fiscalit\u00e9, les structures d\u2019entreprise et les \u00e9tats financiers. Clarifiez vos d\u00e9marches, \u00e9vitez les erreurs co\u00fbteuses et prenez des d\u00e9cisions \u00e9clair\u00e9es pour assurer l\u2019avenir de votre entreprise. <\/span><\/p>\n<p>[\/et_pb_text][\/et_pb_column][\/et_pb_row][\/et_pb_section][et_pb_section fb_built=\u00a0\u00bb1&Prime; _builder_version=\u00a0\u00bb4.27.4&Prime; _module_preset=\u00a0\u00bbdefault\u00a0\u00bb global_colors_info=\u00a0\u00bb{}\u00a0\u00bb][et_pb_row _builder_version=\u00a0\u00bb4.27.4&Prime; _module_preset=\u00a0\u00bbdefault\u00a0\u00bb global_colors_info=\u00a0\u00bb{}\u00a0\u00bb][et_pb_column type=\u00a0\u00bb4_4&Prime; _builder_version=\u00a0\u00bb4.27.4&Prime; _module_preset=\u00a0\u00bbdefault\u00a0\u00bb global_colors_info=\u00a0\u00bb{}\u00a0\u00bb][et_pb_heading title=\u00a0\u00bbClinique juridique hebdomadaire pour les entrepreneur\u00b7e\u00b7s\u00a0\u00bb _builder_version=\u00a0\u00bb4.27.4&Prime; _module_preset=\u00a0\u00bbdefault\u00a0\u00bb title_level=\u00a0\u00bbh3&Prime; global_colors_info=\u00a0\u00bb{}\u00a0\u00bb][\/et_pb_heading][et_pb_text _builder_version=\u00a0\u00bb4.27.4&Prime; _module_preset=\u00a0\u00bbdefault\u00a0\u00bb hover_enabled=\u00a0\u00bb0&Prime; global_colors_info=\u00a0\u00bb{}\u00a0\u00bb sticky_enabled=\u00a0\u00bb0&Prime;]<\/p>\n<p data-start=\"392\" data-end=\"717\" class=\"\">Prenez des d\u00e9cisions d\u2019affaires \u00e9clair\u00e9es en toute confiance gr\u00e2ce \u00e0 nos s\u00e9ances hebdomadaires gratuites d\u2019information juridique destin\u00e9es aux entrepreneur\u00b7e\u00b7s.<br \/>Con\u00e7ues pour les startups et les petites entreprises, ces s\u00e9ances abordent des enjeux cl\u00e9s comme <strong data-start=\"619\" data-end=\"642\">les formes juridiques d\u2019entreprise<\/strong>, <strong data-start=\"644\" data-end=\"660\">le droit des contrats<\/strong>, <strong data-start=\"662\" data-end=\"687\">la propri\u00e9t\u00e9 intellectuelle<\/strong> et <strong data-start=\"693\" data-end=\"714\">la fiscalit\u00e9<\/strong>.<\/p>\n<p data-start=\"719\" data-end=\"1044\" class=\"\">Anim\u00e9e par notre responsable de l\u2019information juridique, <strong>Kayne Chan Yin-Li Yen Pin<\/strong>, chaque session propose des pistes concr\u00e8tes pour mieux comprendre vos responsabilit\u00e9s l\u00e9gales et limiter les risques. Ces cliniques fournissent de l\u2019<strong data-start=\"906\" data-end=\"935\">information juridique g\u00e9n\u00e9rale<\/strong> (et non des conseils juridiques personnalis\u00e9s), mais elles repr\u00e9sentent un excellent point de d\u00e9part pour vous rep\u00e9rer dans les aspects juridiques de l\u2019entrepreneuriat.<\/p>\n<h5 data-start=\"1046\" data-end=\"1140\">Comprenez vos risques juridiques, prenez des d\u00e9cisions plus avis\u00e9es et prot\u00e9gez votre entreprise en pleine croissance.<\/h5>\n<p data-start=\"1142\" data-end=\"1206\" class=\"\">\ud83d\udc49 Une recommandation d\u2019un\u00b7e coach d\u2019affaires de YES est requise pour participer.<\/p>\n<p data-start=\"1208\" data-end=\"1314\" class=\"\">\ud83d\udcde <a href=\"mailto:servicescoordinator@yesmontreal.ca\" target=\"_blank\" rel=\"noopener\">Contactez nous<\/a>\u00a0ou au <strong data-start=\"1263\" data-end=\"1281\">(438) 812-0175<\/strong> pour prendre un rendez-vous gratuit.<\/p>\n<p>[\/et_pb_text][\/et_pb_column][\/et_pb_row][\/et_pb_section][et_pb_section fb_built=\u00a0\u00bb1&Prime; _builder_version=\u00a0\u00bb4.27.4&Prime; _module_preset=\u00a0\u00bbdefault\u00a0\u00bb global_colors_info=\u00a0\u00bb{}\u00a0\u00bb][et_pb_row _builder_version=\u00a0\u00bb4.27.4&Prime; _module_preset=\u00a0\u00bbdefault\u00a0\u00bb global_colors_info=\u00a0\u00bb{}\u00a0\u00bb][et_pb_column type=\u00a0\u00bb4_4&Prime; _builder_version=\u00a0\u00bb4.27.4&Prime; _module_preset=\u00a0\u00bbdefault\u00a0\u00bb global_colors_info=\u00a0\u00bb{}\u00a0\u00bb][et_pb_heading title=\u00a0\u00bbCliniques comptables mensuelles pour les petites entreprises\u00a0\u00bb _builder_version=\u00a0\u00bb4.27.4&Prime; _module_preset=\u00a0\u00bbdefault\u00a0\u00bb title_level=\u00a0\u00bbh3&Prime; global_colors_info=\u00a0\u00bb{}\u00a0\u00bb][\/et_pb_heading][et_pb_text _builder_version=\u00a0\u00bb4.27.4&Prime; _module_preset=\u00a0\u00bbdefault\u00a0\u00bb hover_enabled=\u00a0\u00bb0&Prime; global_colors_info=\u00a0\u00bb{}\u00a0\u00bb sticky_enabled=\u00a0\u00bb0&Prime;]<\/p>\n<p data-start=\"1455\" data-end=\"1748\" class=\"\">Vous avez besoin d\u2019un coup de main pour<strong data-start=\"1473\" data-end=\"1491\"> la tenue de vos dossier<\/strong>, <strong data-start=\"1493\" data-end=\"1518\">la planification fiscale<\/strong>, <strong data-start=\"1520\" data-end=\"1544\">vos \u00e9tats financiers<\/strong> ou <strong data-start=\"1549\" data-end=\"1572\">l\u2019\u00e9valuation de votre entreprise <\/strong>? Nos <strong data-start=\"1578\" data-end=\"1626\">cliniques comptables mensuelles destin\u00e9es aux entrepreneur\u00b7e\u00b7s<\/strong> offrent <em data-start=\"1633\" data-end=\"1667\">des consultations individuelles gratuites<\/em> avec les comptables professionnels de Narose Chartered Professional Accountants.*<\/p>\n<p data-start=\"1750\" data-end=\"2056\" class=\"\">Ces s\u00e9ances personnalis\u00e9es vous aident \u00e0 y voir plus clair dans vos chiffres, \u00e0 renforcer votre strat\u00e9gie financi\u00e8re et \u00e0 garder votre entreprise sur la bonne voie. Que vous lanciez une startup ou que vous soyez en pleine croissance, c\u2019est l\u2019occasion id\u00e9ale de b\u00e9n\u00e9ficier <strong data-start=\"1996\" data-end=\"2026\">de conseils comptables adapt\u00e9s<\/strong>, donn\u00e9s par des expert\u00b7e\u00b7s de confiance.<\/p>\n<h5 data-start=\"2058\" data-end=\"2150\">Simplifiez vos finances, \u00e9vitez les erreurs co\u00fbteuses et prenez des d\u00e9cisions commerciales en toute confiance.<\/h5>\n<p data-start=\"2152\" data-end=\"2214\" class=\"\">\ud83d\udc49 Une recommandation d\u2019un\u00b7e coach d\u2019affaires de YES est requise pour participer.<\/p>\n<p data-start=\"2216\" data-end=\"2328\" class=\"\">\ud83d\udcde Pour en savoir plus ou pour r\u00e9server votre place, <strong><a href=\"mailto:servicescoordinator@yesmontreal.ca\" target=\"_blank\" rel=\"noopener\">contactez-nous<\/a><\/strong> ou au <strong data-start=\"2307\" data-end=\"2325\">(438) 812-0175<\/strong>.<\/p>\n<p><strong><span style=\"font-size: 14px;\">*Une cotisation annuelle de 30 $ vous permet d\u2019acc\u00e9der aux services de YES, y compris le coaching, le Business Bootcamp, l\u2019information juridique et les cliniques de comptabilit\u00e9.<\/span><\/strong><\/p>\n<p>[\/et_pb_text][\/et_pb_column][\/et_pb_row][\/et_pb_section][et_pb_section fb_built=\u00a0\u00bb1&Prime; _builder_version=\u00a0\u00bb4.27.4&Prime; _module_preset=\u00a0\u00bbdefault\u00a0\u00bb global_colors_info=\u00a0\u00bb{}\u00a0\u00bb][et_pb_row _builder_version=\u00a0\u00bb4.27.4&Prime; _module_preset=\u00a0\u00bbdefault\u00a0\u00bb global_colors_info=\u00a0\u00bb{}\u00a0\u00bb][et_pb_column type=\u00a0\u00bb4_4&Prime; _builder_version=\u00a0\u00bb4.27.4&Prime; _module_preset=\u00a0\u00bbdefault\u00a0\u00bb global_colors_info=\u00a0\u00bb{}\u00a0\u00bb][et_pb_divider show_divider=\u00a0\u00bboff\u00a0\u00bb _builder_version=\u00a0\u00bb4.27.4&Prime; _module_preset=\u00a0\u00bbdefault\u00a0\u00bb global_colors_info=\u00a0\u00bb{}\u00a0\u00bb][\/et_pb_divider][\/et_pb_column][\/et_pb_row][\/et_pb_section]<\/p>\n","protected":false},"excerpt":{"rendered":"<p>Cliniques juridiques et comptables pour les entrepreneursG\u00e9rer une entreprise vient avec son lot de d\u00e9fis juridiques et financiers \u2014 mais vous n\u2019avez pas \u00e0 les affronter seul\u00b7e.Nos cliniques juridiques et [&hellip;]<\/p>\n","protected":false},"author":10,"featured_media":0,"parent":0,"menu_order":0,"comment_status":"closed","ping_status":"closed","template":"","meta":{"_et_pb_use_builder":"on","_et_pb_old_content":"","_et_gb_content_width":"","_crdt_document":"","footnotes":""},"class_list":["post-85716","page","type-page","status-publish","hentry"],"yoast_head":"<!-- This site is optimized with the Yoast SEO plugin v27.5 - https:\/\/yoast.com\/product\/yoast-seo-wordpress\/ -->\n<title>Cliniques juridiques et comptables gratuites pour les entrepreneurs | YES Montreal<\/title>\n<meta name=\"description\" content=\"Obtenez des conseils d&#039;experts lors de nos cliniques juridiques et comptables gratuites pour les entrepreneurs ! Ils traitent des contrats, des imp\u00f4ts, de la structure de l&#039;entreprise et de bien d&#039;autres sujets.\" \/>\n<meta name=\"robots\" content=\"index, follow, max-snippet:-1, max-image-preview:large, max-video-preview:-1\" \/>\n<link rel=\"canonical\" href=\"https:\/\/yesmontreal.ca\/fr\/cliniques-juridiques-et-comptables-pour-les-entrepreneurs\/\" \/>\n<meta property=\"og:locale\" content=\"fr_FR\" \/>\n<meta property=\"og:type\" content=\"article\" \/>\n<meta property=\"og:title\" content=\"Cliniques juridiques et comptables gratuites pour les entrepreneurs | YES Montreal\" \/>\n<meta property=\"og:description\" content=\"Obtenez des conseils d&#039;experts lors de nos cliniques juridiques et comptables gratuites pour les entrepreneurs ! Ils traitent des contrats, des imp\u00f4ts, de la structure de l&#039;entreprise et de bien d&#039;autres sujets.\" \/>\n<meta property=\"og:url\" content=\"https:\/\/yesmontreal.ca\/fr\/cliniques-juridiques-et-comptables-pour-les-entrepreneurs\/\" \/>\n<meta property=\"og:site_name\" content=\"YES Employment and Entrepreneurship\" \/>\n<meta property=\"article:publisher\" content=\"https:\/\/www.facebook.com\/yes.montreal\" \/>\n<meta property=\"article:modified_time\" content=\"2025-11-26T21:10:36+00:00\" \/>\n<meta property=\"og:image\" content=\"https:\/\/yesmontreal.ca\/wp-content\/uploads\/Screen-Shot-2021-03-04-at-2.59.30-PM.png\" \/>\n\t<meta property=\"og:image:width\" content=\"636\" \/>\n\t<meta property=\"og:image:height\" content=\"308\" \/>\n\t<meta property=\"og:image:type\" content=\"image\/png\" \/>\n<meta name=\"twitter:card\" content=\"summary_large_image\" \/>\n<meta name=\"twitter:site\" content=\"@YESMontreal\" \/>\n<meta name=\"twitter:label1\" content=\"Dur\u00e9e de lecture estim\u00e9e\" \/>\n\t<meta name=\"twitter:data1\" content=\"5 minutes\" \/>\n<script type=\"application\/ld+json\" class=\"yoast-schema-graph\">{\"@context\":\"https:\\\/\\\/schema.org\",\"@graph\":[{\"@type\":\"WebPage\",\"@id\":\"https:\\\/\\\/yesmontreal.ca\\\/fr\\\/cliniques-juridiques-et-comptables-pour-les-entrepreneurs\\\/\",\"url\":\"https:\\\/\\\/yesmontreal.ca\\\/fr\\\/cliniques-juridiques-et-comptables-pour-les-entrepreneurs\\\/\",\"name\":\"Cliniques juridiques et comptables gratuites pour les entrepreneurs | YES Montreal\",\"isPartOf\":{\"@id\":\"https:\\\/\\\/yesmontreal.ca\\\/#website\"},\"datePublished\":\"2025-05-26T21:50:52+00:00\",\"dateModified\":\"2025-11-26T21:10:36+00:00\",\"description\":\"Obtenez des conseils d'experts lors de nos cliniques juridiques et comptables gratuites pour les entrepreneurs ! Ils traitent des contrats, des imp\u00f4ts, de la structure de l'entreprise et de bien d'autres sujets.\",\"breadcrumb\":{\"@id\":\"https:\\\/\\\/yesmontreal.ca\\\/fr\\\/cliniques-juridiques-et-comptables-pour-les-entrepreneurs\\\/#breadcrumb\"},\"inLanguage\":\"fr-FR\",\"potentialAction\":[{\"@type\":\"ReadAction\",\"target\":[\"https:\\\/\\\/yesmontreal.ca\\\/fr\\\/cliniques-juridiques-et-comptables-pour-les-entrepreneurs\\\/\"]}]},{\"@type\":\"BreadcrumbList\",\"@id\":\"https:\\\/\\\/yesmontreal.ca\\\/fr\\\/cliniques-juridiques-et-comptables-pour-les-entrepreneurs\\\/#breadcrumb\",\"itemListElement\":[{\"@type\":\"ListItem\",\"position\":1,\"name\":\"Home\",\"item\":\"https:\\\/\\\/yesmontreal.ca\\\/fr\\\/\"},{\"@type\":\"ListItem\",\"position\":2,\"name\":\"Cliniques juridiques et comptables pour les entrepreneurs\"}]},{\"@type\":\"WebSite\",\"@id\":\"https:\\\/\\\/yesmontreal.ca\\\/#website\",\"url\":\"https:\\\/\\\/yesmontreal.ca\\\/\",\"name\":\"YES Employment and Entrepreneurship\",\"description\":\"Free Employment and Entrepreneurship services in Quebec\",\"publisher\":{\"@id\":\"https:\\\/\\\/yesmontreal.ca\\\/#organization\"},\"potentialAction\":[{\"@type\":\"SearchAction\",\"target\":{\"@type\":\"EntryPoint\",\"urlTemplate\":\"https:\\\/\\\/yesmontreal.ca\\\/?s={search_term_string}\"},\"query-input\":{\"@type\":\"PropertyValueSpecification\",\"valueRequired\":true,\"valueName\":\"search_term_string\"}}],\"inLanguage\":\"fr-FR\"},{\"@type\":\"Organization\",\"@id\":\"https:\\\/\\\/yesmontreal.ca\\\/#organization\",\"name\":\"YES Employment + Entrepreneurship\",\"alternateName\":\"YES Montreal\",\"url\":\"https:\\\/\\\/yesmontreal.ca\\\/\",\"logo\":{\"@type\":\"ImageObject\",\"inLanguage\":\"fr-FR\",\"@id\":\"https:\\\/\\\/yesmontreal.ca\\\/#\\\/schema\\\/logo\\\/image\\\/\",\"url\":\"https:\\\/\\\/yesmontreal.ca\\\/wp-content\\\/uploads\\\/Screen-Shot-2021-03-04-at-2.59.30-PM.png\",\"contentUrl\":\"https:\\\/\\\/yesmontreal.ca\\\/wp-content\\\/uploads\\\/Screen-Shot-2021-03-04-at-2.59.30-PM.png\",\"width\":636,\"height\":308,\"caption\":\"YES Employment + Entrepreneurship\"},\"image\":{\"@id\":\"https:\\\/\\\/yesmontreal.ca\\\/#\\\/schema\\\/logo\\\/image\\\/\"},\"sameAs\":[\"https:\\\/\\\/www.facebook.com\\\/yes.montreal\",\"https:\\\/\\\/x.com\\\/YESMontreal\",\"https:\\\/\\\/www.instagram.com\\\/yesmontreal\\\/\",\"http:\\\/\\\/ca.linkedin.com\\\/in\\\/yesmontreal\",\"https:\\\/\\\/www.youtube.com\\\/user\\\/YESMontreal\"]}]}<\/script>\n<!-- \/ Yoast SEO plugin. -->","yoast_head_json":{"title":"Cliniques juridiques et comptables gratuites pour les entrepreneurs | YES Montreal","description":"Obtenez des conseils d'experts lors de nos cliniques juridiques et comptables gratuites pour les entrepreneurs ! Ils traitent des contrats, des imp\u00f4ts, de la structure de l'entreprise et de bien d'autres sujets.","robots":{"index":"index","follow":"follow","max-snippet":"max-snippet:-1","max-image-preview":"max-image-preview:large","max-video-preview":"max-video-preview:-1"},"canonical":"https:\/\/yesmontreal.ca\/fr\/cliniques-juridiques-et-comptables-pour-les-entrepreneurs\/","og_locale":"fr_FR","og_type":"article","og_title":"Cliniques juridiques et comptables gratuites pour les entrepreneurs | YES Montreal","og_description":"Obtenez des conseils d'experts lors de nos cliniques juridiques et comptables gratuites pour les entrepreneurs ! Ils traitent des contrats, des imp\u00f4ts, de la structure de l'entreprise et de bien d'autres sujets.","og_url":"https:\/\/yesmontreal.ca\/fr\/cliniques-juridiques-et-comptables-pour-les-entrepreneurs\/","og_site_name":"YES Employment and Entrepreneurship","article_publisher":"https:\/\/www.facebook.com\/yes.montreal","article_modified_time":"2025-11-26T21:10:36+00:00","og_image":[{"width":636,"height":308,"url":"https:\/\/yesmontreal.ca\/wp-content\/uploads\/Screen-Shot-2021-03-04-at-2.59.30-PM.png","type":"image\/png"}],"twitter_card":"summary_large_image","twitter_site":"@YESMontreal","twitter_misc":{"Dur\u00e9e de lecture estim\u00e9e":"5 minutes"},"schema":{"@context":"https:\/\/schema.org","@graph":[{"@type":"WebPage","@id":"https:\/\/yesmontreal.ca\/fr\/cliniques-juridiques-et-comptables-pour-les-entrepreneurs\/","url":"https:\/\/yesmontreal.ca\/fr\/cliniques-juridiques-et-comptables-pour-les-entrepreneurs\/","name":"Cliniques juridiques et comptables gratuites pour les entrepreneurs | YES Montreal","isPartOf":{"@id":"https:\/\/yesmontreal.ca\/#website"},"datePublished":"2025-05-26T21:50:52+00:00","dateModified":"2025-11-26T21:10:36+00:00","description":"Obtenez des conseils d'experts lors de nos cliniques juridiques et comptables gratuites pour les entrepreneurs ! Ils traitent des contrats, des imp\u00f4ts, de la structure de l'entreprise et de bien d'autres sujets.","breadcrumb":{"@id":"https:\/\/yesmontreal.ca\/fr\/cliniques-juridiques-et-comptables-pour-les-entrepreneurs\/#breadcrumb"},"inLanguage":"fr-FR","potentialAction":[{"@type":"ReadAction","target":["https:\/\/yesmontreal.ca\/fr\/cliniques-juridiques-et-comptables-pour-les-entrepreneurs\/"]}]},{"@type":"BreadcrumbList","@id":"https:\/\/yesmontreal.ca\/fr\/cliniques-juridiques-et-comptables-pour-les-entrepreneurs\/#breadcrumb","itemListElement":[{"@type":"ListItem","position":1,"name":"Home","item":"https:\/\/yesmontreal.ca\/fr\/"},{"@type":"ListItem","position":2,"name":"Cliniques juridiques et comptables pour les entrepreneurs"}]},{"@type":"WebSite","@id":"https:\/\/yesmontreal.ca\/#website","url":"https:\/\/yesmontreal.ca\/","name":"YES Employment and Entrepreneurship","description":"Free Employment and Entrepreneurship services in Quebec","publisher":{"@id":"https:\/\/yesmontreal.ca\/#organization"},"potentialAction":[{"@type":"SearchAction","target":{"@type":"EntryPoint","urlTemplate":"https:\/\/yesmontreal.ca\/?s={search_term_string}"},"query-input":{"@type":"PropertyValueSpecification","valueRequired":true,"valueName":"search_term_string"}}],"inLanguage":"fr-FR"},{"@type":"Organization","@id":"https:\/\/yesmontreal.ca\/#organization","name":"YES Employment + Entrepreneurship","alternateName":"YES Montreal","url":"https:\/\/yesmontreal.ca\/","logo":{"@type":"ImageObject","inLanguage":"fr-FR","@id":"https:\/\/yesmontreal.ca\/#\/schema\/logo\/image\/","url":"https:\/\/yesmontreal.ca\/wp-content\/uploads\/Screen-Shot-2021-03-04-at-2.59.30-PM.png","contentUrl":"https:\/\/yesmontreal.ca\/wp-content\/uploads\/Screen-Shot-2021-03-04-at-2.59.30-PM.png","width":636,"height":308,"caption":"YES Employment + Entrepreneurship"},"image":{"@id":"https:\/\/yesmontreal.ca\/#\/schema\/logo\/image\/"},"sameAs":["https:\/\/www.facebook.com\/yes.montreal","https:\/\/x.com\/YESMontreal","https:\/\/www.instagram.com\/yesmontreal\/","http:\/\/ca.linkedin.com\/in\/yesmontreal","https:\/\/www.youtube.com\/user\/YESMontreal"]}]}},"_links":{"self":[{"href":"https:\/\/yesmontreal.ca\/fr\/wp-json\/wp\/v2\/pages\/85716","targetHints":{"allow":["GET"]}}],"collection":[{"href":"https:\/\/yesmontreal.ca\/fr\/wp-json\/wp\/v2\/pages"}],"about":[{"href":"https:\/\/yesmontreal.ca\/fr\/wp-json\/wp\/v2\/types\/page"}],"author":[{"embeddable":true,"href":"https:\/\/yesmontreal.ca\/fr\/wp-json\/wp\/v2\/users\/10"}],"replies":[{"embeddable":true,"href":"https:\/\/yesmontreal.ca\/fr\/wp-json\/wp\/v2\/comments?post=85716"}],"version-history":[{"count":0,"href":"https:\/\/yesmontreal.ca\/fr\/wp-json\/wp\/v2\/pages\/85716\/revisions"}],"wp:attachment":[{"href":"https:\/\/yesmontreal.ca\/fr\/wp-json\/wp\/v2\/media?parent=85716"}],"curies":[{"name":"wp","href":"https:\/\/api.w.org\/{rel}","templated":true}]}}